{"id":436,"date":"2026-04-14T15:15:30","date_gmt":"2026-04-14T15:15:30","guid":{"rendered":"https:\/\/mobisl.com\/?page_id=436"},"modified":"2026-04-23T14:57:33","modified_gmt":"2026-04-23T14:57:33","slug":"servicios","status":"publish","type":"page","link":"https:\/\/mobisl.com\/?page_id=436","title":{"rendered":"Servicios"},"content":{"rendered":"\n<div class=\"wp-block-columns is-layout-flex wp-container-core-columns-is-layout-28f84493 wp-block-columns-is-layout-flex\">\n<div class=\"wp-block-column is-layout-flow wp-block-column-is-layout-flow\">\n<figure class=\"wp-block-image size-large\"><img loading=\"lazy\" decoding=\"async\" width=\"1024\" height=\"464\" src=\"https:\/\/mobisl.com\/wp-content\/uploads\/2026\/03\/Enginyeria-1024x464.jpeg\" alt=\"\" class=\"wp-image-505\" srcset=\"https:\/\/mobisl.com\/wp-content\/uploads\/2026\/03\/Enginyeria-1024x464.jpeg 1024w, https:\/\/mobisl.com\/wp-content\/uploads\/2026\/03\/Enginyeria-300x136.jpeg 300w, https:\/\/mobisl.com\/wp-content\/uploads\/2026\/03\/Enginyeria-768x348.jpeg 768w, https:\/\/mobisl.com\/wp-content\/uploads\/2026\/03\/Enginyeria-1536x696.jpeg 1536w, https:\/\/mobisl.com\/wp-content\/uploads\/2026\/03\/Enginyeria-2048x928.jpeg 2048w\" sizes=\"auto, (max-width: 1024px) 100vw, 1024px\" \/><\/figure>\n<\/div>\n\n\n\n<div class=\"wp-block-column is-layout-flow wp-block-column-is-layout-flow\">\n<p class=\"has-heading-color has-text-color has-link-color has-xx-large-font-size wp-elements-ac3ebe553acf101ec4e342e296fa40c4\"><strong>INGENIER\u00cdA \/ INGENIER\u00cdA INVERSA<\/strong><\/p>\n\n\n\n<p class=\"has-heading-color has-text-color has-link-color wp-elements-5d9b28ba14376e4697af0df8d71056ba\">Desarrollo y optimizaci\u00f3n de piezas y procesos para adaptarnos a cada necesidad.<\/p>\n\n\n\n<p class=\"has-heading-color has-text-color has-link-color wp-elements-8ce1b5372e1d372f1877d41a8e7c1f33\">\u2714 Dise\u00f1o t\u00e9cnico<\/p>\n\n\n\n<p class=\"has-heading-color has-text-color has-link-color wp-elements-c81776323ac2667c2d1c8c3540c89522\">\u2714 C\u00e1lculo<\/p>\n\n\n\n<p class=\"has-heading-color has-text-color has-link-color wp-elements-7b9baf9defee2f6a4df0d16226da2308\">\u2714 Optimizaci\u00f3n de piezas<\/p>\n\n\n\n<p class=\"has-heading-color has-text-color has-link-color wp-elements-c3990bcbec0a3f574481d36176df76e2\">\u2714 Soporte en desarrollo<\/p>\n<\/div>\n<\/div>\n\n\n\n<div style=\"height:50px\" aria-hidden=\"true\" class=\"wp-block-spacer\"><\/div>\n\n\n\n<div class=\"wp-block-columns is-layout-flex wp-container-core-columns-is-layout-28f84493 wp-block-columns-is-layout-flex\">\n<div class=\"wp-block-column is-layout-flow wp-block-column-is-layout-flow\">\n<p class=\"has-text-align-right has-heading-color has-text-color has-link-color has-xx-large-font-size wp-elements-c1ad860c685c4c338076a7da9befc590\"><strong>METROLOG\u00cdA<\/strong><\/p>\n\n\n\n<p class=\"has-text-align-right has-heading-color has-text-color has-link-color wp-elements-b8f2df19b8824a969e4e6a3705625007\">Servicio de medici\u00f3n y verificaci\u00f3n de alta precisi\u00f3n para garantizar la calidad y conformidad geom\u00e9trica de piezas.<\/p>\n\n\n\n<p class=\"has-text-align-right has-heading-color has-text-color has-link-color wp-elements-77d69f32cd69d5c89162ef2f8578e019\">\u2714 Verificaci\u00f3n dimensional<\/p>\n\n\n\n<p class=\"has-text-align-right has-heading-color has-text-color has-link-color wp-elements-65c9649476611b4a5769304b5c8b69ff\">\u2714 Control de tolerancias<\/p>\n\n\n\n<p class=\"has-text-align-right has-heading-color has-text-color has-link-color wp-elements-4a9e4d76d02be2edd9bf0cf6a15636b0\">\u2714 Ingenier\u00eda inversa<\/p>\n\n\n\n<p class=\"has-text-align-right has-heading-color has-text-color has-link-color wp-elements-8d70dabba2742dfece0c08428a3faf9d\">\u2714 Certificaci\u00f3n de primeras muestras<\/p>\n<\/div>\n\n\n\n<div class=\"wp-block-column is-layout-flow wp-block-column-is-layout-flow\">\n<figure class=\"wp-block-image size-large\"><img loading=\"lazy\" decoding=\"async\" width=\"1024\" height=\"488\" src=\"https:\/\/mobisl.com\/wp-content\/uploads\/2026\/04\/Tridimensional-1024x488.jpeg\" alt=\"\" class=\"wp-image-664\" srcset=\"https:\/\/mobisl.com\/wp-content\/uploads\/2026\/04\/Tridimensional-1024x488.jpeg 1024w, https:\/\/mobisl.com\/wp-content\/uploads\/2026\/04\/Tridimensional-300x143.jpeg 300w, https:\/\/mobisl.com\/wp-content\/uploads\/2026\/04\/Tridimensional-768x366.jpeg 768w, https:\/\/mobisl.com\/wp-content\/uploads\/2026\/04\/Tridimensional-1536x732.jpeg 1536w, https:\/\/mobisl.com\/wp-content\/uploads\/2026\/04\/Tridimensional-2048x975.jpeg 2048w\" sizes=\"auto, (max-width: 1024px) 100vw, 1024px\" \/><\/figure>\n<\/div>\n<\/div>\n\n\n\n<div style=\"height:50px\" aria-hidden=\"true\" class=\"wp-block-spacer\"><\/div>\n\n\n\n<div class=\"wp-block-columns is-layout-flex wp-container-core-columns-is-layout-28f84493 wp-block-columns-is-layout-flex\">\n<div class=\"wp-block-column is-layout-flow wp-block-column-is-layout-flow\">\n<figure class=\"wp-block-image size-large\"><img loading=\"lazy\" decoding=\"async\" width=\"1024\" height=\"606\" src=\"https:\/\/mobisl.com\/wp-content\/uploads\/2026\/03\/Mecanitzat-1024x606.jpeg\" alt=\"\" class=\"wp-image-498\" srcset=\"https:\/\/mobisl.com\/wp-content\/uploads\/2026\/03\/Mecanitzat-1024x606.jpeg 1024w, https:\/\/mobisl.com\/wp-content\/uploads\/2026\/03\/Mecanitzat-300x178.jpeg 300w, https:\/\/mobisl.com\/wp-content\/uploads\/2026\/03\/Mecanitzat-768x455.jpeg 768w, https:\/\/mobisl.com\/wp-content\/uploads\/2026\/03\/Mecanitzat-1536x909.jpeg 1536w, https:\/\/mobisl.com\/wp-content\/uploads\/2026\/03\/Mecanitzat-2048x1212.jpeg 2048w\" sizes=\"auto, (max-width: 1024px) 100vw, 1024px\" \/><\/figure>\n<\/div>\n\n\n\n<div class=\"wp-block-column is-layout-flow wp-block-column-is-layout-flow\">\n<p class=\"has-heading-color has-text-color has-link-color has-xx-large-font-size wp-elements-59b749aca79e92f81ec658778e0688d3\"><strong>MECANIZADOS<\/strong><\/p>\n\n\n\n<p class=\"has-heading-color has-text-color has-link-color wp-elements-2efe294f19c915163f158bf5d1154f2f\">Fabricaci\u00f3n de piezas con alta precisi\u00f3n mediante mecanizado CNC, tanto prototipos como para series cortas y medias.<\/p>\n\n\n\n<p class=\"has-heading-color has-text-color has-link-color wp-elements-ae920d09854b1e5ca6f39d5b989962cf\">\u2714 CNC<\/p>\n\n\n\n<p class=\"has-heading-color has-text-color has-link-color wp-elements-f59fe1c1e66111853bb9929751f1b3e2\">\u2714 3X<\/p>\n\n\n\n<p class=\"has-heading-color has-text-color has-link-color wp-elements-440b09e853793d310c44d1bf12a0b7c7\">\u2714 4X<\/p>\n\n\n\n<p class=\"has-heading-color has-text-color has-link-color wp-elements-fd72ce47956e30218fc67fe691a009b9\">\u2714 Torneado y fresado<\/p>\n\n\n\n<p class=\"has-heading-color has-text-color has-link-color wp-elements-aaad5cf590da60faa1382d5ea1cd9c93\">\u2714 Series cortas y medias<\/p>\n<\/div>\n<\/div>\n\n\n\n<div style=\"height:50px\" aria-hidden=\"true\" class=\"wp-block-spacer\"><\/div>\n\n\n\n<div class=\"wp-block-columns is-layout-flex wp-container-core-columns-is-layout-28f84493 wp-block-columns-is-layout-flex\">\n<div class=\"wp-block-column is-layout-flow wp-block-column-is-layout-flow\">\n<p class=\"has-text-align-right has-heading-color has-text-color has-link-color has-xx-large-font-size wp-elements-55b07b4004acf6130cd535719eb801e1\"><strong>RECONSTRUCCI\u00d3N DE PIEZAS<\/strong><\/p>\n\n\n\n<p class=\"has-text-align-right has-heading-color has-text-color has-link-color wp-elements-90008e1a810b22c0bbc3c30b6bf616af\">Recuperaci\u00f3n y fabricaci\u00f3n de piezas obsoletas o desgastadas para alargar la vida \u00fatil de los equipos.<\/p>\n\n\n\n<p class=\"has-text-align-right has-heading-color has-text-color has-link-color wp-elements-930020afa61b5a9acd7a2f1713c5b267\">\u2714 Reparaci\u00f3n<\/p>\n\n\n\n<p class=\"has-text-align-right has-heading-color has-text-color has-link-color wp-elements-d487dadb576697f8e475aa13bd5e9c8e\">\u2714 Reingenier\u00eda<\/p>\n\n\n\n<p class=\"has-text-align-right has-heading-color has-text-color has-link-color wp-elements-2aa1c9ff890aa11d4d16c10018196673\">\u2714 Ahorro de costes<\/p>\n<\/div>\n\n\n\n<div class=\"wp-block-column is-layout-flow wp-block-column-is-layout-flow\">\n<figure class=\"wp-block-image size-large\"><img loading=\"lazy\" decoding=\"async\" width=\"1024\" height=\"528\" src=\"https:\/\/mobisl.com\/wp-content\/uploads\/2026\/04\/Peces-reparades-1024x528.jpeg\" alt=\"\" class=\"wp-image-589\" srcset=\"https:\/\/mobisl.com\/wp-content\/uploads\/2026\/04\/Peces-reparades-1024x528.jpeg 1024w, https:\/\/mobisl.com\/wp-content\/uploads\/2026\/04\/Peces-reparades-300x155.jpeg 300w, https:\/\/mobisl.com\/wp-content\/uploads\/2026\/04\/Peces-reparades-768x396.jpeg 768w, https:\/\/mobisl.com\/wp-content\/uploads\/2026\/04\/Peces-reparades-1536x792.jpeg 1536w, https:\/\/mobisl.com\/wp-content\/uploads\/2026\/04\/Peces-reparades-2048x1057.jpeg 2048w\" sizes=\"auto, (max-width: 1024px) 100vw, 1024px\" \/><\/figure>\n<\/div>\n<\/div>\n\n\n\n<div style=\"height:50px\" aria-hidden=\"true\" class=\"wp-block-spacer\"><\/div>\n\n\n\n<div class=\"wp-block-columns is-layout-flex wp-container-core-columns-is-layout-28f84493 wp-block-columns-is-layout-flex\">\n<div class=\"wp-block-column is-layout-flow wp-block-column-is-layout-flow\">\n<figure class=\"wp-block-image size-large\"><img loading=\"lazy\" decoding=\"async\" width=\"1024\" height=\"652\" src=\"https:\/\/mobisl.com\/wp-content\/uploads\/2026\/03\/Pintura-1-1024x652.jpeg\" alt=\"\" class=\"wp-image-502\" srcset=\"https:\/\/mobisl.com\/wp-content\/uploads\/2026\/03\/Pintura-1-1024x652.jpeg 1024w, https:\/\/mobisl.com\/wp-content\/uploads\/2026\/03\/Pintura-1-300x191.jpeg 300w, https:\/\/mobisl.com\/wp-content\/uploads\/2026\/03\/Pintura-1-768x489.jpeg 768w, https:\/\/mobisl.com\/wp-content\/uploads\/2026\/03\/Pintura-1-1536x978.jpeg 1536w, https:\/\/mobisl.com\/wp-content\/uploads\/2026\/03\/Pintura-1-2048x1304.jpeg 2048w\" sizes=\"auto, (max-width: 1024px) 100vw, 1024px\" \/><\/figure>\n<\/div>\n\n\n\n<div class=\"wp-block-column is-layout-flow wp-block-column-is-layout-flow\">\n<p class=\"has-heading-color has-text-color has-link-color has-xx-large-font-size wp-elements-0e4eae3029ef8c04206f07e9b2e06cc2\"><strong>PINTURA INDUSTRIAL<\/strong><\/p>\n\n\n\n<p class=\"has-heading-color has-text-color has-link-color wp-elements-e7d21e31ee74971504505fd7f49698f5\">Acabados superficiales para proteger y mejorar la est\u00e9tica de las piezas.<\/p>\n\n\n\n<p class=\"has-heading-color has-text-color has-link-color wp-elements-21e68d5b719bedb01050c6a6a36b3e3a\">\u2714 Protecci\u00f3n<\/p>\n\n\n\n<p class=\"has-heading-color has-text-color has-link-color wp-elements-9b20c85ca80b9a9ef8518483f4333cfe\">\u2714 Acabado profesional<\/p>\n\n\n\n<p class=\"has-heading-color has-text-color has-link-color wp-elements-9ff7576e5f92ce81ee3bb6b84e22f437\">\u2714 Diferentes materiales<\/p>\n<\/div>\n<\/div>\n\n\n\n<div style=\"height:50px\" aria-hidden=\"true\" class=\"wp-block-spacer\"><\/div>\n\n\n\n<div class=\"wp-block-cover\" style=\"min-height:89px;aspect-ratio:unset;\"><img loading=\"lazy\" decoding=\"async\" width=\"2560\" height=\"277\" class=\"wp-block-cover__image-background wp-image-507 size-full\" alt=\"\" src=\"https:\/\/mobisl.com\/wp-content\/uploads\/2026\/03\/Banner-1-scaled.jpeg\" style=\"object-position:12% 56%\" data-object-fit=\"cover\" data-object-position=\"12% 56%\" srcset=\"https:\/\/mobisl.com\/wp-content\/uploads\/2026\/03\/Banner-1-scaled.jpeg 2560w, https:\/\/mobisl.com\/wp-content\/uploads\/2026\/03\/Banner-1-300x32.jpeg 300w, https:\/\/mobisl.com\/wp-content\/uploads\/2026\/03\/Banner-1-1024x111.jpeg 1024w, https:\/\/mobisl.com\/wp-content\/uploads\/2026\/03\/Banner-1-768x83.jpeg 768w, https:\/\/mobisl.com\/wp-content\/uploads\/2026\/03\/Banner-1-1536x166.jpeg 1536w, https:\/\/mobisl.com\/wp-content\/uploads\/2026\/03\/Banner-1-2048x222.jpeg 2048w\" sizes=\"auto, (max-width: 2560px) 100vw, 2560px\" \/><span aria-hidden=\"true\" class=\"wp-block-cover__background has-background-dim\"><\/span><div class=\"wp-block-cover__inner-container is-layout-flow wp-block-cover-is-layout-flow\">\n<p class=\"has-text-align-center has-large-font-size\"><strong>Ofrecemos un servicio integral: desde el dise\u00f1o hasta la pieza final<\/strong><\/p>\n\n\n\n<div class=\"wp-block-buttons is-horizontal is-content-justification-right is-layout-flex wp-container-core-buttons-is-layout-30af2ff6 wp-block-buttons-is-layout-flex\">\n<div class=\"wp-block-button is-style-fill\"><a class=\"wp-block-button__link has-fourth-color has-primary-background-color has-text-color has-background has-link-color has-text-align-right wp-element-button\" href=\"https:\/\/mobisl.com\/?page_id=432&amp;preview=true\" style=\"padding-top:var(--wp--preset--spacing--x-small);padding-right:var(--wp--preset--spacing--small);padding-bottom:var(--wp--preset--spacing--x-small);padding-left:var(--wp--preset--spacing--small)\">Presupuesto<\/a><\/div>\n<\/div>\n<\/div><\/div>\n","protected":false},"excerpt":{"rendered":"<p>INGENIER\u00cdA \/ INGENIER\u00cdA INVERSA Desarrollo y optimizaci\u00f3n de piezas y procesos para adaptarnos a cada necesidad. \u2714 Dise\u00f1o t\u00e9cnico \u2714 C\u00e1lculo \u2714 Optimizaci\u00f3n de piezas \u2714 Soporte en desarrollo METROLOG\u00cdA Servicio de medici\u00f3n y verificaci\u00f3n de alta precisi\u00f3n para garantizar la calidad y conformidad geom\u00e9trica de piezas. \u2714 Verificaci\u00f3n dimensional \u2714 Control de tolerancias \u2714 [&hellip;]<\/p>\n","protected":false},"author":2,"featured_media":0,"parent":0,"menu_order":0,"comment_status":"closed","ping_status":"closed","template":"","meta":{"footnotes":""},"class_list":["post-436","page","type-page","status-publish","hentry"],"_links":{"self":[{"href":"https:\/\/mobisl.com\/index.php?rest_route=\/wp\/v2\/pages\/436","targetHints":{"allow":["GET"]}}],"collection":[{"href":"https:\/\/mobisl.com\/index.php?rest_route=\/wp\/v2\/pages"}],"about":[{"href":"https:\/\/mobisl.com\/index.php?rest_route=\/wp\/v2\/types\/page"}],"author":[{"embeddable":true,"href":"https:\/\/mobisl.com\/index.php?rest_route=\/wp\/v2\/users\/2"}],"replies":[{"embeddable":true,"href":"https:\/\/mobisl.com\/index.php?rest_route=%2Fwp%2Fv2%2Fcomments&post=436"}],"version-history":[{"count":26,"href":"https:\/\/mobisl.com\/index.php?rest_route=\/wp\/v2\/pages\/436\/revisions"}],"predecessor-version":[{"id":666,"href":"https:\/\/mobisl.com\/index.php?rest_route=\/wp\/v2\/pages\/436\/revisions\/666"}],"wp:attachment":[{"href":"https:\/\/mobisl.com\/index.php?rest_route=%2Fwp%2Fv2%2Fmedia&parent=436"}],"curies":[{"name":"wp","href":"https:\/\/api.w.org\/{rel}","templated":true}]}}